{"id":14,"date":"2019-07-28T12:50:45","date_gmt":"2019-07-28T12:50:45","guid":{"rendered":"http:\/\/www.fala-lauterbach.de\/?page_id=14"},"modified":"2025-08-31T16:39:52","modified_gmt":"2025-08-31T14:39:52","slug":"startseite","status":"publish","type":"page","link":"https:\/\/www.fala-lauterbach.de\/","title":{"rendered":"Startseite"},"content":{"rendered":"\n<h1 class=\"wp-block-heading\">Herzlich willkommen auf den Internetseiten der FALA, Marienberg OT Lauterbach<\/h1>\n\n\n\n<p>Ihr Partner f\u00fcr<\/p>\n\n\n\n<ul class=\"wp-block-list\">\n<li>PKW-Instandsetzung<\/li>\n\n\n\n<li>Reifendienst<\/li>\n\n\n\n<li>Vertrieb technischer Schwei\u00dfgase<\/li>\n\n\n\n<li>Vermietung von Stellpl\u00e4tzen f\u00fcr Wohnmobile und Wohnanh\u00e4ngern<\/li>\n<\/ul>\n\n\n\n<p><br>Lengefelder Strasse 9<br>09496 Marienberg OT Lauterbach<br>Tel. 03735\/6697- 135 \/ Fax 03735\/6697-200<br><a href=\"mailto:fahrzeug@fala-lauterbach.de\">a.reichel@fala-lauterbach.de<\/a><\/p>\n","protected":false},"excerpt":{"rendered":"<p>Herzlich willkommen auf den Internetseiten der FALA, Marienberg OT Lauterbach Ihr Partner f\u00fcr Lengefelder Strasse 909496 Marienberg OT LauterbachTel. 03735\/6697- 135 \/ Fax 03735\/6697-200a.reichel@fala-lauterbach.de<\/p>\n","protected":false},"author":1,"featured_media":0,"parent":0,"menu_order":0,"comment_status":"closed","ping_status":"closed","template":"","meta":{"footnotes":""},"class_list":["post-14","page","type-page","status-publish","hentry"],"_links":{"self":[{"href":"https:\/\/www.fala-lauterbach.de\/index.php\/wp-json\/wp\/v2\/pages\/14"}],"collection":[{"href":"https:\/\/www.fala-lauterbach.de\/index.php\/wp-json\/wp\/v2\/pages"}],"about":[{"href":"https:\/\/www.fala-lauterbach.de\/index.php\/wp-json\/wp\/v2\/types\/page"}],"author":[{"embeddable":true,"href":"https:\/\/www.fala-lauterbach.de\/index.php\/wp-json\/wp\/v2\/users\/1"}],"replies":[{"embeddable":true,"href":"https:\/\/www.fala-lauterbach.de\/index.php\/wp-json\/wp\/v2\/comments?post=14"}],"version-history":[{"count":5,"href":"https:\/\/www.fala-lauterbach.de\/index.php\/wp-json\/wp\/v2\/pages\/14\/revisions"}],"predecessor-version":[{"id":77,"href":"https:\/\/www.fala-lauterbach.de\/index.php\/wp-json\/wp\/v2\/pages\/14\/revisions\/77"}],"wp:attachment":[{"href":"https:\/\/www.fala-lauterbach.de\/index.php\/wp-json\/wp\/v2\/media?parent=14"}],"curies":[{"name":"wp","href":"https:\/\/api.w.org\/{rel}","templated":true}]}}